{"id":17,"date":"2025-01-24T09:48:26","date_gmt":"2025-01-24T08:48:26","guid":{"rendered":"https:\/\/krx24.com\/?page_id=17"},"modified":"2025-02-16T16:25:32","modified_gmt":"2025-02-16T15:25:32","slug":"krx24","status":"publish","type":"page","link":"https:\/\/krx24.com\/","title":{"rendered":"KRX24"},"content":{"rendered":"\t\t<div data-elementor-type=\"wp-page\" data-elementor-id=\"17\" class=\"elementor elementor-17\" data-elementor-post-type=\"page\">\n\t\t\t\t<div class=\"elementor-element elementor-element-117d9f4f e-flex e-con-boxed e-con e-parent\" data-id=\"117d9f4f\" data-element_type=\"container\">\n\t\t\t\t\t<div class=\"e-con-inner\">\n\t\t<div class=\"elementor-element elementor-element-1dc8e964 e-con-full e-flex e-con e-child\" data-id=\"1dc8e964\" data-element_type=\"container\">\n\t\t<div class=\"elementor-element elementor-element-15ef78b7 e-con-full e-flex e-con e-child\" data-id=\"15ef78b7\" data-element_type=\"container\">\n\t\t\t\t<div class=\"elementor-element elementor-element-58c30cf elementor-widget elementor-widget-video\" data-id=\"58c30cf\" data-element_type=\"widget\" data-settings=\"{&quot;video_type&quot;:&quot;hosted&quot;,&quot;autoplay&quot;:&quot;yes&quot;,&quot;mute&quot;:&quot;yes&quot;,&quot;loop&quot;:&quot;yes&quot;}\" data-widget_type=\"video.default\">\n\t\t\t\t<div class=\"elementor-widget-container\">\n\t\t\t\t\t\t\t<div class=\"e-hosted-video elementor-wrapper elementor-open-inline\">\n\t\t\t\t\t<video class=\"elementor-video\" src=\"https:\/\/krx24.com\/wp-content\/uploads\/2025\/02\/krx.mp4\" autoplay=\"\" loop=\"\" muted=\"muted\" controlsList=\"nodownload\"><\/video>\n\t\t\t\t<\/div>\n\t\t\t\t\t\t<\/div>\n\t\t\t\t<\/div>\n\t\t\t\t<\/div>\n\t\t\t\t<\/div>\n\t\t<div class=\"elementor-element elementor-element-32f7970 e-con-full e-flex e-con e-child\" data-id=\"32f7970\" data-element_type=\"container\">\n\t\t\t\t<div class=\"elementor-element elementor-element-51556c3a elementor-widget elementor-widget-heading\" data-id=\"51556c3a\" data-element_type=\"widget\" data-widget_type=\"heading.default\">\n\t\t\t\t<div class=\"elementor-widget-container\">\n\t\t\t\t\t<h3 class=\"elementor-heading-title elementor-size-default\">KRX\nPOLSKA<\/h3>\t\t\t\t<\/div>\n\t\t\t\t<\/div>\n\t\t\t\t<div class=\"elementor-element elementor-element-2d661ce0 elementor-widget elementor-widget-text-editor\" data-id=\"2d661ce0\" data-element_type=\"widget\" data-widget_type=\"text-editor.default\">\n\t\t\t\t<div class=\"elementor-widget-container\">\n\t\t\t\t\t\t\t\t\t<p>KRX to wi\u0119cej ni\u017c firma kosmetyczna \u2013 jeste\u015bmy platform\u0105, kt\u00f3ra rewolucjonizuje spos\u00f3b, w jaki profesjonali\u015bci bran\u017cy Beauty rozwijaj\u0105 swoje umiej\u0119tno\u015bci i biznesy. Nasza misja to nie tylko dostarczanie najwy\u017cszej jako\u015bci produkt\u00f3w, ale tak\u017ce wsparcie gabinet\u00f3w kosmetycznych poprzez udost\u0119pnianie najbardziej aktualnej wiedzy z zakresu kosmetologii i medycyny estetycznej.<\/p>\t\t\t\t\t\t\t\t<\/div>\n\t\t\t\t<\/div>\n\t\t\t\t<div class=\"elementor-element elementor-element-5243eb8b elementor-mobile-align-center elementor-widget elementor-widget-button\" data-id=\"5243eb8b\" data-element_type=\"widget\" data-widget_type=\"button.default\">\n\t\t\t\t<div class=\"elementor-widget-container\">\n\t\t\t\t\t\t\t\t\t<div class=\"elementor-button-wrapper\">\n\t\t\t\t\t<a class=\"elementor-button elementor-button-link elementor-size-sm\" href=\"https:\/\/krxpolska.pl\/sklep?utm_source=krx24&#038;utm_medium=shop_link\">\n\t\t\t\t\t\t<span class=\"elementor-button-content-wrapper\">\n\t\t\t\t\t\t\t\t\t<span class=\"elementor-button-text\">Poznaj Produkty KRX<\/span>\n\t\t\t\t\t<\/span>\n\t\t\t\t\t<\/a>\n\t\t\t\t<\/div>\n\t\t\t\t\t\t\t\t<\/div>\n\t\t\t\t<\/div>\n\t\t\t\t<\/div>\n\t\t\t\t\t<\/div>\n\t\t\t\t<\/div>\n\t\t<div class=\"elementor-element elementor-element-11f4425b e-con-full e-flex e-con e-parent\" data-id=\"11f4425b\" data-element_type=\"container\" id=\"next\">\n\t\t\t\t<div class=\"elementor-element elementor-element-77fc0a9 elementor-widget elementor-widget-heading\" data-id=\"77fc0a9\" data-element_type=\"widget\" data-widget_type=\"heading.default\">\n\t\t\t\t<div class=\"elementor-widget-container\">\n\t\t\t\t\t<h3 class=\"elementor-heading-title elementor-size-default\">Bestsellery<\/h3>\t\t\t\t<\/div>\n\t\t\t\t<\/div>\n\t\t\t\t<div class=\"elementor-element elementor-element-49db896d elementor-widget elementor-widget-heading\" data-id=\"49db896d\" data-element_type=\"widget\" data-widget_type=\"heading.default\">\n\t\t\t\t<div class=\"elementor-widget-container\">\n\t\t\t\t\t<p class=\"elementor-heading-title elementor-size-default\">Produkty, kt\u00f3re pokocha\u0142y nasze klientki<\/p>\t\t\t\t<\/div>\n\t\t\t\t<\/div>\n\t\t<div class=\"elementor-element elementor-element-bb89746 e-con-full e-flex e-con e-child\" data-id=\"bb89746\" data-element_type=\"container\">\n\t\t<div class=\"elementor-element elementor-element-4648af81 e-con-full e-flex e-con e-child\" data-id=\"4648af81\" data-element_type=\"container\">\n\t\t\t\t<div class=\"elementor-element elementor-element-2b96b8a3 elementor-position-top elementor-widget elementor-widget-image-box\" data-id=\"2b96b8a3\" data-element_type=\"widget\" data-widget_type=\"image-box.default\">\n\t\t\t\t<div class=\"elementor-widget-container\">\n\t\t\t\t\t<div class=\"elementor-image-box-wrapper\"><figure class=\"elementor-image-box-img\"><a href=\"https:\/\/krxpolska.pl\/product\/active-31-revitalizing-eye-cream-15ml\/\" tabindex=\"-1\"><img fetchpriority=\"high\" decoding=\"async\" width=\"2560\" height=\"2560\" src=\"https:\/\/krx24.com\/wp-content\/uploads\/2025\/01\/active31-scaled.jpg\" class=\"elementor-animation-grow attachment-full size-full wp-image-97\" alt=\"\" srcset=\"https:\/\/krx24.com\/wp-content\/uploads\/2025\/01\/active31-scaled.jpg 2560w, https:\/\/krx24.com\/wp-content\/uploads\/2025\/01\/active31-300x300.jpg 300w, https:\/\/krx24.com\/wp-content\/uploads\/2025\/01\/active31-1024x1024.jpg 1024w, https:\/\/krx24.com\/wp-content\/uploads\/2025\/01\/active31-150x150.jpg 150w, https:\/\/krx24.com\/wp-content\/uploads\/2025\/01\/active31-768x768.jpg 768w, https:\/\/krx24.com\/wp-content\/uploads\/2025\/01\/active31-1536x1536.jpg 1536w, https:\/\/krx24.com\/wp-content\/uploads\/2025\/01\/active31-2048x2048.jpg 2048w\" sizes=\"(max-width: 2560px) 100vw, 2560px\" \/><\/a><\/figure><div class=\"elementor-image-box-content\"><h4 class=\"elementor-image-box-title\"><a href=\"https:\/\/krxpolska.pl\/product\/active-31-revitalizing-eye-cream-15ml\/\">Active-31. Rozja\u015bniaj\u0105cy Krem pod Oczy (15 ml)<\/a><\/h4><p class=\"elementor-image-box-description\">Intensywna kuracja dla delikatnej sk\u00f3ry wok\u00f3\u0142 oczu, oparta na 31 aktywnych sk\u0142adnikach. W sk\u0142adzie znajduj\u0105 si\u0119 m.in. 10 peptyd\u00f3w, 6 form kolagenu, 3 molekularne kwasy hialuronowe, \u017ce\u0144-sze\u0144 i lactobacillus. Krem skutecznie redukuje cienie, opuchlizn\u0119 oraz worki pod oczami, przywracaj\u0105c sk\u00f3rze promienny wygl\u0105d.\n\n<\/p><\/div><\/div>\t\t\t\t<\/div>\n\t\t\t\t<\/div>\n\t\t\t\t<\/div>\n\t\t<div class=\"elementor-element elementor-element-3d2ddcb e-con-full e-flex e-con e-child\" data-id=\"3d2ddcb\" data-element_type=\"container\">\n\t\t\t\t<div class=\"elementor-element elementor-element-190bc0d elementor-position-top elementor-widget elementor-widget-image-box\" data-id=\"190bc0d\" data-element_type=\"widget\" data-widget_type=\"image-box.default\">\n\t\t\t\t<div class=\"elementor-widget-container\">\n\t\t\t\t\t<div class=\"elementor-image-box-wrapper\"><figure class=\"elementor-image-box-img\"><a href=\"https:\/\/krxpolska.pl\/product\/neck-lift-cream-50g\/\" tabindex=\"-1\"><img decoding=\"async\" width=\"1440\" height=\"1440\" src=\"https:\/\/krx24.com\/wp-content\/uploads\/2025\/01\/SPF50.jpg\" class=\"elementor-animation-grow attachment-full size-full wp-image-98\" alt=\"\" srcset=\"https:\/\/krx24.com\/wp-content\/uploads\/2025\/01\/SPF50.jpg 1440w, https:\/\/krx24.com\/wp-content\/uploads\/2025\/01\/SPF50-300x300.jpg 300w, https:\/\/krx24.com\/wp-content\/uploads\/2025\/01\/SPF50-1024x1024.jpg 1024w, https:\/\/krx24.com\/wp-content\/uploads\/2025\/01\/SPF50-150x150.jpg 150w, https:\/\/krx24.com\/wp-content\/uploads\/2025\/01\/SPF50-768x768.jpg 768w\" sizes=\"(max-width: 1440px) 100vw, 1440px\" \/><\/a><\/figure><div class=\"elementor-image-box-content\"><h4 class=\"elementor-image-box-title\"><a href=\"https:\/\/krxpolska.pl\/product\/neck-lift-cream-50g\/\">Liftinguj\u0105cy Krem do Szyi i Dekoltu (50 g)<\/a><\/h4><p class=\"elementor-image-box-description\">Krem zawiera 22 sk\u0142adniki aktywne, kt\u00f3re intensywnie uj\u0119drniaj\u0105 sk\u00f3r\u0119. Dzi\u0119ki proteinom jedwabiu posiada unikaln\u0105 tekstur\u0119, przypominaj\u0105c\u0105 nici, kt\u00f3re wnikaj\u0105 w sk\u00f3r\u0119 szyi, napinaj\u0105 j\u0105 i stymuluj\u0105 produkcj\u0119 w\u0142asnego kolagenu. Mikrokolagen w sk\u0142adzie sprawia, \u017ce krem wch\u0142ania si\u0119 szybciej i skuteczniej ni\u017c tradycyjny kolagen. Poprawia struktur\u0119 sk\u00f3ry, redukuje zmarszczki, sucho\u015b\u0107, plamy starcze oraz pos\u0142oneczne, a tak\u017ce wyg\u0142adza owal twarzy i pr\u0119gi na szyi.\n\n<\/p><\/div><\/div>\t\t\t\t<\/div>\n\t\t\t\t<\/div>\n\t\t\t\t<\/div>\n\t\t<div class=\"elementor-element elementor-element-f7bb2c2 e-con-full e-flex e-con e-child\" data-id=\"f7bb2c2\" data-element_type=\"container\">\n\t\t\t\t<div class=\"elementor-element elementor-element-ee97d87 elementor-position-top elementor-widget elementor-widget-image-box\" data-id=\"ee97d87\" data-element_type=\"widget\" data-widget_type=\"image-box.default\">\n\t\t\t\t<div class=\"elementor-widget-container\">\n\t\t\t\t\t<div class=\"elementor-image-box-wrapper\"><figure class=\"elementor-image-box-img\"><a href=\"https:\/\/krxpolska.pl\/product\/glow-line-aqua-cream-50ml\/\" tabindex=\"-1\"><img decoding=\"async\" width=\"2560\" height=\"2560\" src=\"https:\/\/krx24.com\/wp-content\/uploads\/2025\/01\/AquaCream-scaled.jpg\" class=\"elementor-animation-grow attachment-full size-full wp-image-99\" alt=\"\" srcset=\"https:\/\/krx24.com\/wp-content\/uploads\/2025\/01\/AquaCream-scaled.jpg 2560w, https:\/\/krx24.com\/wp-content\/uploads\/2025\/01\/AquaCream-300x300.jpg 300w, https:\/\/krx24.com\/wp-content\/uploads\/2025\/01\/AquaCream-1024x1024.jpg 1024w, https:\/\/krx24.com\/wp-content\/uploads\/2025\/01\/AquaCream-150x150.jpg 150w, https:\/\/krx24.com\/wp-content\/uploads\/2025\/01\/AquaCream-768x768.jpg 768w, https:\/\/krx24.com\/wp-content\/uploads\/2025\/01\/AquaCream-1536x1536.jpg 1536w, https:\/\/krx24.com\/wp-content\/uploads\/2025\/01\/AquaCream-2048x2048.jpg 2048w\" sizes=\"(max-width: 2560px) 100vw, 2560px\" \/><\/a><\/figure><div class=\"elementor-image-box-content\"><h4 class=\"elementor-image-box-title\"><a href=\"https:\/\/krxpolska.pl\/product\/glow-line-aqua-cream-50ml\/\">Linia Glow Roz\u015bwietlaj\u0105cy Krem Aqua<\/a><\/h4><p class=\"elementor-image-box-description\">Bezolejowy krem na bazie wody, kt\u00f3ry nawil\u017ca, przeciwdzia\u0142a starzeniu i redukuje wypryski. Jego formu\u0142a, wzbogacona mlekiem ry\u017cowym, wyci\u0105giem z nagietka i ekstraktem z cytryny, zapewnia intensywne nawil\u017cenie oraz wyg\u0142adzenie sk\u00f3ry ju\u017c po pierwszym u\u017cyciu. Krem ma jedwabist\u0105 konsystencj\u0119, nie zatyka por\u00f3w i jest odpowiedni do wszystkich rodzaj\u00f3w sk\u00f3ry. Opakowanie o pojemno\u015bci 50 ml.\n<\/p><\/div><\/div>\t\t\t\t<\/div>\n\t\t\t\t<\/div>\n\t\t\t\t<\/div>\n\t\t<div class=\"elementor-element elementor-element-71239ec e-con-full e-flex e-con e-child\" data-id=\"71239ec\" data-element_type=\"container\">\n\t\t\t\t<div class=\"elementor-element elementor-element-2a174ba elementor-position-top elementor-widget elementor-widget-image-box\" data-id=\"2a174ba\" data-element_type=\"widget\" data-widget_type=\"image-box.default\">\n\t\t\t\t<div class=\"elementor-widget-container\">\n\t\t\t\t\t<div class=\"elementor-image-box-wrapper\"><figure class=\"elementor-image-box-img\"><a href=\"https:\/\/krxpolska.pl\/product\/clinical-line-skin-filter-tinted-sunscreen-spf-50-light-medium-30g\/\" tabindex=\"-1\"><img loading=\"lazy\" decoding=\"async\" width=\"2560\" height=\"2560\" src=\"https:\/\/krx24.com\/wp-content\/uploads\/2025\/01\/necklift-scaled.jpg\" class=\"elementor-animation-grow attachment-full size-full wp-image-100\" alt=\"\" srcset=\"https:\/\/krx24.com\/wp-content\/uploads\/2025\/01\/necklift-scaled.jpg 2560w, https:\/\/krx24.com\/wp-content\/uploads\/2025\/01\/necklift-300x300.jpg 300w, https:\/\/krx24.com\/wp-content\/uploads\/2025\/01\/necklift-1024x1024.jpg 1024w, https:\/\/krx24.com\/wp-content\/uploads\/2025\/01\/necklift-150x150.jpg 150w, https:\/\/krx24.com\/wp-content\/uploads\/2025\/01\/necklift-768x768.jpg 768w, https:\/\/krx24.com\/wp-content\/uploads\/2025\/01\/necklift-1536x1536.jpg 1536w, https:\/\/krx24.com\/wp-content\/uploads\/2025\/01\/necklift-2048x2048.jpg 2048w\" sizes=\"(max-width: 2560px) 100vw, 2560px\" \/><\/a><\/figure><div class=\"elementor-image-box-content\"><h4 class=\"elementor-image-box-title\"><a href=\"https:\/\/krxpolska.pl\/product\/clinical-line-skin-filter-tinted-sunscreen-spf-50-light-medium-30g\/\">Linia Glow Roz\u015bwietlaj\u0105cy Krem Aqua (50 ml)<\/a><\/h4><p class=\"elementor-image-box-description\">Mineralny, wodoodporny krem koloryzuj\u0105cy z filtrem SPF 50 PA+++, kt\u00f3ry wyg\u0142adza sk\u00f3r\u0119, zmniejsza widoczno\u015b\u0107 por\u00f3w i zapewnia matowy efekt. Krem nie bieli i mo\u017ce by\u0107 stosowany jako baza pod makija\u017c lub samodzielny tonuj\u0105cy krem nawil\u017caj\u0105cy. Zawira korea\u0144skie standardy SPF i PA, chroni\u0105c sk\u00f3r\u0119 przed szkodliwym promieniowaniem. Zapewnia ultra-matowy wygl\u0105d, nie zatyka por\u00f3w i idealnie prezentuje si\u0119 na zdj\u0119ciach. Dost\u0119pny w odcieniach: light\/medium, medium\/dark.\n\n<\/p><\/div><\/div>\t\t\t\t<\/div>\n\t\t\t\t<\/div>\n\t\t\t\t<\/div>\n\t\t\t\t<\/div>\n\t\t\t\t<\/div>\n\t\t<div class=\"elementor-element elementor-element-2531f982 e-flex e-con-boxed e-con e-parent\" data-id=\"2531f982\" data-element_type=\"container\">\n\t\t\t\t\t<div class=\"e-con-inner\">\n\t\t\t\t<div class=\"elementor-element elementor-element-57fd298b elementor-widget elementor-widget-heading\" data-id=\"57fd298b\" data-element_type=\"widget\" data-widget_type=\"heading.default\">\n\t\t\t\t<div class=\"elementor-widget-container\">\n\t\t\t\t\t<h3 class=\"elementor-heading-title elementor-size-default\">Kosmetyki dla Profesjonalist\u00f3w<\/h3>\t\t\t\t<\/div>\n\t\t\t\t<\/div>\n\t\t\t\t<div class=\"elementor-element elementor-element-5473d33c elementor-widget elementor-widget-text-editor\" data-id=\"5473d33c\" data-element_type=\"widget\" data-widget_type=\"text-editor.default\">\n\t\t\t\t<div class=\"elementor-widget-container\">\n\t\t\t\t\t\t\t\t\t<p class=\"p1\">KRX Polska to Tw\u00f3j partner w wyposa\u017ceniu gabinet\u00f3w kosmetycznych w najwy\u017cszej jako\u015bci produkty. Oferujemy innowacyjne i skuteczne kosmetyki oraz fachowe doradztwo dopasowane do Twoich potrzeb. Wybierz KRX Polska i podnie\u015b standardy swojej pracy!<\/p>\t\t\t\t\t\t\t\t<\/div>\n\t\t\t\t<\/div>\n\t\t\t\t<div class=\"elementor-element elementor-element-3fbdf107 elementor-mobile-align-center elementor-align-center elementor-widget elementor-widget-button\" data-id=\"3fbdf107\" data-element_type=\"widget\" data-widget_type=\"button.default\">\n\t\t\t\t<div class=\"elementor-widget-container\">\n\t\t\t\t\t\t\t\t\t<div class=\"elementor-button-wrapper\">\n\t\t\t\t\t<a class=\"elementor-button elementor-button-link elementor-size-sm\" href=\"#\">\n\t\t\t\t\t\t<span class=\"elementor-button-content-wrapper\">\n\t\t\t\t\t\t\t\t\t<span class=\"elementor-button-text\">Dowiedz si\u0119 wi\u0119cej<\/span>\n\t\t\t\t\t<\/span>\n\t\t\t\t\t<\/a>\n\t\t\t\t<\/div>\n\t\t\t\t\t\t\t\t<\/div>\n\t\t\t\t<\/div>\n\t\t\t\t\t<\/div>\n\t\t\t\t<\/div>\n\t\t\t\t<\/div>\n\t\t","protected":false},"excerpt":{"rendered":"<p>https:\/\/krx24.com\/wp-content\/uploads\/2025\/02\/krx.mp4 KRX POLSKA KRX to wi\u0119cej ni\u017c firma kosmetyczna \u2013 jeste\u015bmy platform\u0105, kt\u00f3ra rewolucjonizuje spos\u00f3b, w jaki profesjonali\u015bci bran\u017cy Beauty rozwijaj\u0105 swoje umiej\u0119tno\u015bci i biznesy. Nasza misja to nie tylko dostarczanie najwy\u017cszej jako\u015bci produkt\u00f3w, ale tak\u017ce wsparcie gabinet\u00f3w kosmetycznych poprzez udost\u0119pnianie najbardziej aktualnej wiedzy z zakresu kosmetologii i medycyny estetycznej. Poznaj Produkty KRX Bestsellery Produkty, [&hellip;]<\/p>\n","protected":false},"author":1,"featured_media":0,"parent":0,"menu_order":0,"comment_status":"closed","ping_status":"closed","template":"","meta":{"footnotes":""},"class_list":["post-17","page","type-page","status-publish","hentry"],"_links":{"self":[{"href":"https:\/\/krx24.com\/index.php?rest_route=\/wp\/v2\/pages\/17","targetHints":{"allow":["GET"]}}],"collection":[{"href":"https:\/\/krx24.com\/index.php?rest_route=\/wp\/v2\/pages"}],"about":[{"href":"https:\/\/krx24.com\/index.php?rest_route=\/wp\/v2\/types\/page"}],"author":[{"embeddable":true,"href":"https:\/\/krx24.com\/index.php?rest_route=\/wp\/v2\/users\/1"}],"replies":[{"embeddable":true,"href":"https:\/\/krx24.com\/index.php?rest_route=%2Fwp%2Fv2%2Fcomments&post=17"}],"version-history":[{"count":40,"href":"https:\/\/krx24.com\/index.php?rest_route=\/wp\/v2\/pages\/17\/revisions"}],"predecessor-version":[{"id":116,"href":"https:\/\/krx24.com\/index.php?rest_route=\/wp\/v2\/pages\/17\/revisions\/116"}],"wp:attachment":[{"href":"https:\/\/krx24.com\/index.php?rest_route=%2Fwp%2Fv2%2Fmedia&parent=17"}],"curies":[{"name":"wp","href":"https:\/\/api.w.org\/{rel}","templated":true}]}}